{"id":2993,"date":"2022-12-15T11:48:04","date_gmt":"2022-12-15T11:48:04","guid":{"rendered":"https:\/\/esculturaenlacalle.com\/origins\/"},"modified":"2023-02-03T11:30:50","modified_gmt":"2023-02-03T11:30:50","slug":"origins","status":"publish","type":"page","link":"https:\/\/esculturaenlacalle.com\/en\/origins\/","title":{"rendered":"Origins"},"content":{"rendered":"<section class=\"wpb-content-wrapper\"><p>[vc_row css_animation=&#8221;&#8221; row_type=&#8221;row&#8221; use_row_as_full_screen_section=&#8221;no&#8221; type=&#8221;full_width&#8221; angled_section=&#8221;no&#8221; text_align=&#8221;left&#8221; background_image_as_pattern=&#8221;without_pattern&#8221;][vc_column][vc_row_inner row_type=&#8221;row&#8221; type=&#8221;full_width&#8221; text_align=&#8221;left&#8221; css_animation=&#8221;&#8221;][vc_column_inner offset=&#8221;vc_hidden-sm vc_hidden-xs&#8221;][vc_empty_space height=&#8221;100px&#8221;][\/vc_column_inner][\/vc_row_inner][vc_column_text]<\/p>\n<h1>History of<br \/>\nan event<\/h1>\n<p>[\/vc_column_text][vc_row_inner row_type=&#8221;row&#8221; type=&#8221;full_width&#8221; text_align=&#8221;left&#8221; css_animation=&#8221;&#8221;][vc_column_inner offset=&#8221;vc_hidden-sm vc_hidden-xs&#8221;][vc_empty_space height=&#8221;20px&#8221;][\/vc_column_inner][\/vc_row_inner][vc_row_inner row_type=&#8221;row&#8221; type=&#8221;full_width&#8221; text_align=&#8221;left&#8221; css_animation=&#8221;&#8221;][vc_column_inner offset=&#8221;vc_hidden-lg vc_hidden-md&#8221;][vc_empty_space height=&#8221;10px&#8221;][\/vc_column_inner][\/vc_row_inner][vc_column_text]<\/p>\n<h3>Vicente Saavedra Mart\u00ednez<\/h3>\n<p>[\/vc_column_text][vc_empty_space height=&#8221;50px&#8221;][\/vc_column][\/vc_row][vc_row css_animation=&#8221;&#8221; row_type=&#8221;row&#8221; use_row_as_full_screen_section=&#8221;no&#8221; type=&#8221;full_width&#8221; angled_section=&#8221;no&#8221; text_align=&#8221;left&#8221; background_image_as_pattern=&#8221;without_pattern&#8221;][vc_column][vc_single_image image=&#8221;1431&#8243; img_size=&#8221;full&#8221; qode_css_animation=&#8221;&#8221;][\/vc_column][\/vc_row][vc_row css_animation=&#8221;&#8221; row_type=&#8221;row&#8221; use_row_as_full_screen_section=&#8221;no&#8221; type=&#8221;full_width&#8221; angled_section=&#8221;no&#8221; text_align=&#8221;left&#8221; background_image_as_pattern=&#8221;without_pattern&#8221;][vc_column][vc_empty_space height=&#8221;50px&#8221;][\/vc_column][\/vc_row][vc_row css_animation=&#8221;&#8221; row_type=&#8221;row&#8221; use_row_as_full_screen_section=&#8221;no&#8221; type=&#8221;full_width&#8221; angled_section=&#8221;no&#8221; text_align=&#8221;left&#8221; background_image_as_pattern=&#8221;without_pattern&#8221;][vc_column][vc_column_text]<\/p>\n<h2>Text collected from the book: I\u00aa Exposici\u00f3n Internacional de Escultura en la Calle 1996. By Aurelio Carnero, Daniel Duque and Carlos A. Schwartz, published by the Department of Culture of the Tenerife Island Council.<\/h2>\n<p>[\/vc_column_text][\/vc_column][\/vc_row][vc_row css_animation=&#8221;&#8221; row_type=&#8221;row&#8221; use_row_as_full_screen_section=&#8221;no&#8221; type=&#8221;full_width&#8221; angled_section=&#8221;no&#8221; text_align=&#8221;left&#8221; background_image_as_pattern=&#8221;without_pattern&#8221;][vc_column][vc_row_inner row_type=&#8221;row&#8221; type=&#8221;full_width&#8221; text_align=&#8221;left&#8221; css_animation=&#8221;&#8221;][vc_column_inner offset=&#8221;vc_hidden-sm vc_hidden-xs&#8221;][vc_empty_space height=&#8221;50px&#8221;][\/vc_column_inner][\/vc_row_inner][vc_row_inner row_type=&#8221;row&#8221; type=&#8221;full_width&#8221; text_align=&#8221;left&#8221; css_animation=&#8221;&#8221;][vc_column_inner offset=&#8221;vc_hidden-lg vc_hidden-md&#8221;][vc_empty_space][\/vc_column_inner][\/vc_row_inner][\/vc_column][\/vc_row][vc_row css_animation=&#8221;&#8221; row_type=&#8221;row&#8221; use_row_as_full_screen_section=&#8221;no&#8221; type=&#8221;full_width&#8221; angled_section=&#8221;no&#8221; text_align=&#8221;left&#8221; background_image_as_pattern=&#8221;without_pattern&#8221;][vc_column width=&#8221;1\/2&#8243;][vc_column_text]The year 1972 was coming to an end when we could finally see the construction of the headquarters of the Canary Islands Architects\u2019 Association on Rambla del General Franco in Santa Cruz de Tenerife come to reality, to the management of which we had devoted a lot of time and no less enthusiasm.<\/p>\n<p>In the project, the main access to the building was to be through a side square, where we had planned to place a sculpture that would help to shape the space and at the same time contribute to its significance. With this in mind, we contacted the Canarian sculptor Mart\u00edn Chirino, with whom we maintained a communication of full understanding, undoubtedly based on our many years of solid and true friendship. The location and characteristics of the sculpture were decided in a few days, studying together the available space and its surroundings. It was the first time in Tenerife that the incorporation of an abstract, non-commemorative sculpture into a public space in the city had been considered.<\/p>\n<p>The idea of introducing a piece of contemporary art into the urban landscape of a city as traditional as Santa Cruz de Tenerife was a risky one, especially if we consider the intense red colour of what would henceforth bear the name of Lady Tenerife, which stood out against a background of grey and neutral colours. However, the sudden and magnificent reception of the public and the passing of time itself have confirmed the success of that decision. Since then, the Plaza del Arquitecto Sartoris has been a clear example of the coexistence of building, sculpture, and urban environment.[\/vc_column_text][\/vc_column][vc_column width=&#8221;1\/2&#8243;][vc_row_inner row_type=&#8221;row&#8221; type=&#8221;full_width&#8221; text_align=&#8221;left&#8221; css_animation=&#8221;&#8221;][vc_column_inner offset=&#8221;vc_hidden-lg vc_hidden-md&#8221;][vc_empty_space height=&#8221;8px&#8221;][\/vc_column_inner][\/vc_row_inner][vc_column_text]A few months later, the inauguration of the headquarters of the Architects&#8217; Association took place. On this occasion, the Culture Committee, made up, among others, of enthusiastic figures such as Westerdahl, decided to organise an exhibition on the work of the prestigious Catalan architect Jos\u00e9 Luis Sert, dean of the Harvard School of Architecture at the time.<\/p>\n<p>Also, coinciding with this event, a national exhibition of contemporary art was held in the same rooms to pay tribute to him, which attracted countless artists from all over the country, a fact that would subsequently facilitate our contacts for new activities. Today it is worth recalling, almost humorously, the organisers\u2019 ability to prevent representatives of official political entities from coinciding in any event with clearly committed artists.<\/p>\n<p>Against this background and a year after that inauguration, a chance meeting with the architect Carlos Schwartz in the south of Tenerife allowed us to exchange opinions, which led to the germination of the idea of organising an exhibition of open-air sculptures along the ramblas of Santa Cruz, with the emblematic Lady by the sculptor Mart\u00edn Chirino as the starting point.[\/vc_column_text][\/vc_column][\/vc_row][vc_row css_animation=&#8221;&#8221; row_type=&#8221;row&#8221; use_row_as_full_screen_section=&#8221;no&#8221; type=&#8221;full_width&#8221; angled_section=&#8221;no&#8221; text_align=&#8221;left&#8221; background_image_as_pattern=&#8221;without_pattern&#8221;][vc_column][vc_empty_space height=&#8221;50px&#8221;][\/vc_column][\/vc_row][vc_row css_animation=&#8221;&#8221; row_type=&#8221;row&#8221; use_row_as_full_screen_section=&#8221;no&#8221; type=&#8221;full_width&#8221; angled_section=&#8221;no&#8221; text_align=&#8221;left&#8221; background_image_as_pattern=&#8221;without_pattern&#8221;][vc_column][vc_separator type=&#8221;normal&#8221; thickness=&#8221;5&#8243; color=&#8221;#07184b&#8221;][vc_empty_space][vc_column_text]<\/p>\n<p style=\"text-align: center; font-family: 'Barlow'; font-size: 25px; color: #ef172f;\"><strong>The first step was to convene our Association\u2019s Cultural Commission, which accepted and endorsed the proposal, so Eduardo Westerdahl facilitated the contact with his close friend, the sculptor Pablo Serrano, whose collaboration was immediate and unconditional.<\/strong><\/p>\n<p>[\/vc_column_text][vc_empty_space][vc_separator type=&#8221;normal&#8221; thickness=&#8221;5&#8243; color=&#8221;#07184b&#8221;][\/vc_column][\/vc_row][vc_row css_animation=&#8221;&#8221; row_type=&#8221;row&#8221; use_row_as_full_screen_section=&#8221;no&#8221; type=&#8221;full_width&#8221; angled_section=&#8221;no&#8221; text_align=&#8221;left&#8221; background_image_as_pattern=&#8221;without_pattern&#8221;][vc_column][vc_empty_space height=&#8221;50px&#8221;][\/vc_column][\/vc_row][vc_row css_animation=&#8221;&#8221; row_type=&#8221;row&#8221; use_row_as_full_screen_section=&#8221;no&#8221; type=&#8221;full_width&#8221; angled_section=&#8221;no&#8221; text_align=&#8221;left&#8221; background_image_as_pattern=&#8221;without_pattern&#8221;][vc_column width=&#8221;1\/3&#8243;][vc_column_text]It was his idea to turn the intended national exhibition into an international one, as well as to try to link the sculptors to the project itself, inviting them to come to Tenerife to create the works directly in our streets and squares.<\/p>\n<p>In this way, the original idea gradually evolved into a more ambitious and \u2013 why not \u2013 much more complicated one, as it was far beyond the organisational and economic capacity of the Commission itself.<\/p>\n<p>The real possibilities of financing and execution were, at first glance, the first great enigmas to be clarified. The Santa Cruz City Council, the Island Council and the Caja General de Ahorros de Canarias, led respectively by Mr Ernesto Rumeu de Armas, Mr Andr\u00e9s Miranda Hern\u00e1ndez and Mr Juan Ravina M\u00e9ndez, responded generously to our initiative, each contributing amounts ranging from one and a half to two million pesetas.[\/vc_column_text][\/vc_column][vc_column width=&#8221;1\/3&#8243;][vc_row_inner row_type=&#8221;row&#8221; type=&#8221;full_width&#8221; text_align=&#8221;left&#8221; css_animation=&#8221;&#8221;][vc_column_inner offset=&#8221;vc_hidden-lg vc_hidden-md&#8221;][vc_empty_space height=&#8221;8px&#8221;][\/vc_column_inner][\/vc_row_inner][vc_column_text]In addition, the municipal corporation promised to provide all the necessary permits and services for the placement of the sculptures. For its part, the Architects&#8217; Association itself helped decisively by supporting the total organisation and providing the immediate financing of the expenses, until the other entities facilitated the amounts committed.<\/p>\n<p>The financial issue was complicated indeed. However, the actual execution of the projected works was no less complicated, as it was necessary to organise technical teams related to the construction. The help in this case was twofold: on the one hand, a large number of construction companies, workshops and material suppliers selflessly lent their labour force and all the necessary means to make the on-site execution of the sculptures possible; on the other hand, the quantity surveyors of Tenerife, through their Culture Commission, were also integrated into the organising team, contributing all their experience and professionalism.[\/vc_column_text][\/vc_column][vc_column width=&#8221;1\/3&#8243;][vc_row_inner row_type=&#8221;row&#8221; type=&#8221;full_width&#8221; text_align=&#8221;left&#8221; css_animation=&#8221;&#8221;][vc_column_inner offset=&#8221;vc_hidden-lg vc_hidden-md&#8221;][vc_empty_space height=&#8221;8px&#8221;][\/vc_column_inner][\/vc_row_inner][vc_column_text]From that moment on, and having overcome all obstacles, we began to work with enthusiasm, being confident that this somewhat utopian project could become a tangible reality. A Committee of Honour with four important personalities from the world of culture, made up of Joan Mir\u00f3, Jos\u00e9 Luis Sert and the art critics Sir Roland Penrose and Eduardo Westerdahl, internationally endorsed this event.<\/p>\n<p>For six months, Santa Cruz became an open-air museum, and the list of participants alone illustrates the importance of the event. [\u2026][\/vc_column_text][\/vc_column][\/vc_row][vc_row css_animation=&#8221;&#8221; row_type=&#8221;row&#8221; use_row_as_full_screen_section=&#8221;no&#8221; type=&#8221;full_width&#8221; angled_section=&#8221;no&#8221; text_align=&#8221;left&#8221; background_image_as_pattern=&#8221;without_pattern&#8221;][vc_column][vc_empty_space height=&#8221;50px&#8221;][\/vc_column][\/vc_row]<\/p>\n<\/section>","protected":false},"excerpt":{"rendered":"<p>[vc_row css_animation=&#8221;&#8221; row_type=&#8221;row&#8221; use_row_as_full_screen_section=&#8221;no&#8221; type=&#8221;full_width&#8221; angled_section=&#8221;no&#8221; text_align=&#8221;left&#8221; background_image_as_pattern=&#8221;without_pattern&#8221;][vc_column][vc_row_inner row_type=&#8221;row&#8221; type=&#8221;full_width&#8221; text_align=&#8221;left&#8221; css_animation=&#8221;&#8221;][vc_column_inner offset=&#8221;vc_hidden-sm vc_hidden-xs&#8221;][vc_empty_space height=&#8221;100px&#8221;][\/vc_column_inner][\/vc_row_inner][vc_column_text] History of an event [\/vc_column_text][vc_row_inner row_type=&#8221;row&#8221; type=&#8221;full_width&#8221; text_align=&#8221;left&#8221; css_animation=&#8221;&#8221;][vc_column_inner offset=&#8221;vc_hidden-sm vc_hidden-xs&#8221;][vc_empty_space height=&#8221;20px&#8221;][\/vc_column_inner][\/vc_row_inner][vc_row_inner row_type=&#8221;row&#8221; type=&#8221;full_width&#8221; text_align=&#8221;left&#8221; css_animation=&#8221;&#8221;][vc_column_inner offset=&#8221;vc_hidden-lg vc_hidden-md&#8221;][vc_empty_space height=&#8221;10px&#8221;][\/vc_column_inner][\/vc_row_inner][vc_column_text] Vicente Saavedra Mart\u00ednez [\/vc_column_text][vc_empty_space height=&#8221;50px&#8221;][\/vc_column][\/vc_row][vc_row css_animation=&#8221;&#8221; row_type=&#8221;row&#8221; use_row_as_full_screen_section=&#8221;no&#8221; type=&#8221;full_width&#8221; angled_section=&#8221;no&#8221; text_align=&#8221;left&#8221;&#8230;<\/p>\n","protected":false},"author":1,"featured_media":0,"parent":0,"menu_order":0,"comment_status":"closed","ping_status":"closed","template":"","meta":{"footnotes":""},"class_list":["post-2993","page","type-page","status-publish","hentry"],"yoast_head":"<!-- This site is optimized with the Yoast SEO plugin v19.13 - https:\/\/yoast.com\/wordpress\/plugins\/seo\/ -->\n<title>Origins - Escultura En La Calle<\/title>\n<meta name=\"robots\" content=\"index, follow, max-snippet:-1, max-image-preview:large, max-video-preview:-1\" \/>\n<link rel=\"canonical\" href=\"https:\/\/esculturaenlacalle.com\/en\/origins\/\" \/>\n<meta property=\"og:locale\" content=\"en_US\" \/>\n<meta property=\"og:type\" content=\"article\" \/>\n<meta property=\"og:title\" content=\"Origins - Escultura En La Calle\" \/>\n<meta property=\"og:description\" content=\"[vc_row css_animation=&#8221;&#8221; row_type=&#8221;row&#8221; use_row_as_full_screen_section=&#8221;no&#8221; type=&#8221;full_width&#8221; angled_section=&#8221;no&#8221; text_align=&#8221;left&#8221; background_image_as_pattern=&#8221;without_pattern&#8221;][vc_column][vc_row_inner row_type=&#8221;row&#8221; type=&#8221;full_width&#8221; text_align=&#8221;left&#8221; css_animation=&#8221;&#8221;][vc_column_inner offset=&#8221;vc_hidden-sm vc_hidden-xs&#8221;][vc_empty_space height=&#8221;100px&#8221;][\/vc_column_inner][\/vc_row_inner][vc_column_text] History of an event [\/vc_column_text][vc_row_inner row_type=&#8221;row&#8221; type=&#8221;full_width&#8221; text_align=&#8221;left&#8221; css_animation=&#8221;&#8221;][vc_column_inner offset=&#8221;vc_hidden-sm vc_hidden-xs&#8221;][vc_empty_space height=&#8221;20px&#8221;][\/vc_column_inner][\/vc_row_inner][vc_row_inner row_type=&#8221;row&#8221; type=&#8221;full_width&#8221; text_align=&#8221;left&#8221; css_animation=&#8221;&#8221;][vc_column_inner offset=&#8221;vc_hidden-lg vc_hidden-md&#8221;][vc_empty_space height=&#8221;10px&#8221;][\/vc_column_inner][\/vc_row_inner][vc_column_text] Vicente Saavedra Mart\u00ednez [\/vc_column_text][vc_empty_space height=&#8221;50px&#8221;][\/vc_column][\/vc_row][vc_row css_animation=&#8221;&#8221; row_type=&#8221;row&#8221; use_row_as_full_screen_section=&#8221;no&#8221; type=&#8221;full_width&#8221; angled_section=&#8221;no&#8221; text_align=&#8221;left&#8221;...\" \/>\n<meta property=\"og:url\" content=\"https:\/\/esculturaenlacalle.com\/en\/origins\/\" \/>\n<meta property=\"og:site_name\" content=\"Escultura En La Calle\" \/>\n<meta property=\"article:modified_time\" content=\"2023-02-03T11:30:50+00:00\" \/>\n<meta property=\"og:image\" content=\"https:\/\/esculturaenlacalle.com\/wp-content\/uploads\/2023\/01\/Escultura-En-La-Calle-.jpg\" \/>\n\t<meta property=\"og:image:width\" content=\"1342\" \/>\n\t<meta property=\"og:image:height\" content=\"1026\" \/>\n\t<meta property=\"og:image:type\" content=\"image\/jpeg\" \/>\n<meta name=\"twitter:card\" content=\"summary_large_image\" \/>\n<meta name=\"twitter:label1\" content=\"Est. reading time\" \/>\n\t<meta name=\"twitter:data1\" content=\"8 minutes\" \/>\n<script type=\"application\/ld+json\" class=\"yoast-schema-graph\">{\"@context\":\"https:\/\/schema.org\",\"@graph\":[{\"@type\":\"WebPage\",\"@id\":\"https:\/\/esculturaenlacalle.com\/en\/origins\/\",\"url\":\"https:\/\/esculturaenlacalle.com\/en\/origins\/\",\"name\":\"Origins - Escultura En La Calle\",\"isPartOf\":{\"@id\":\"https:\/\/esculturaenlacalle.com\/#website\"},\"datePublished\":\"2022-12-15T11:48:04+00:00\",\"dateModified\":\"2023-02-03T11:30:50+00:00\",\"breadcrumb\":{\"@id\":\"https:\/\/esculturaenlacalle.com\/en\/origins\/#breadcrumb\"},\"inLanguage\":\"en-US\",\"potentialAction\":[{\"@type\":\"ReadAction\",\"target\":[\"https:\/\/esculturaenlacalle.com\/en\/origins\/\"]}]},{\"@type\":\"BreadcrumbList\",\"@id\":\"https:\/\/esculturaenlacalle.com\/en\/origins\/#breadcrumb\",\"itemListElement\":[{\"@type\":\"ListItem\",\"position\":1,\"name\":\"Portada\",\"item\":\"https:\/\/esculturaenlacalle.com\/en\/\"},{\"@type\":\"ListItem\",\"position\":2,\"name\":\"Origins\"}]},{\"@type\":\"WebSite\",\"@id\":\"https:\/\/esculturaenlacalle.com\/#website\",\"url\":\"https:\/\/esculturaenlacalle.com\/\",\"name\":\"Escultura en la calle\",\"description\":\"Exposici\u00f3n internacional, Escultura en la Calle\",\"publisher\":{\"@id\":\"https:\/\/esculturaenlacalle.com\/#organization\"},\"alternateName\":\"Esculturas en la calle\",\"potentialAction\":[{\"@type\":\"SearchAction\",\"target\":{\"@type\":\"EntryPoint\",\"urlTemplate\":\"https:\/\/esculturaenlacalle.com\/?s={search_term_string}\"},\"query-input\":\"required name=search_term_string\"}],\"inLanguage\":\"en-US\"},{\"@type\":\"Organization\",\"@id\":\"https:\/\/esculturaenlacalle.com\/#organization\",\"name\":\"Escultura en la calle\",\"url\":\"https:\/\/esculturaenlacalle.com\/\",\"logo\":{\"@type\":\"ImageObject\",\"inLanguage\":\"en-US\",\"@id\":\"https:\/\/esculturaenlacalle.com\/#\/schema\/logo\/image\/\",\"url\":\"https:\/\/esculturaenlacalle.com\/wp-content\/uploads\/2022\/12\/logo-EsculturaEnLaCalle.png\",\"contentUrl\":\"https:\/\/esculturaenlacalle.com\/wp-content\/uploads\/2022\/12\/logo-EsculturaEnLaCalle.png\",\"width\":258,\"height\":147,\"caption\":\"Escultura en la calle\"},\"image\":{\"@id\":\"https:\/\/esculturaenlacalle.com\/#\/schema\/logo\/image\/\"}}]}<\/script>\n<!-- \/ Yoast SEO plugin. -->","yoast_head_json":{"title":"Origins - Escultura En La Calle","robots":{"index":"index","follow":"follow","max-snippet":"max-snippet:-1","max-image-preview":"max-image-preview:large","max-video-preview":"max-video-preview:-1"},"canonical":"https:\/\/esculturaenlacalle.com\/en\/origins\/","og_locale":"en_US","og_type":"article","og_title":"Origins - Escultura En La Calle","og_description":"[vc_row css_animation=&#8221;&#8221; row_type=&#8221;row&#8221; use_row_as_full_screen_section=&#8221;no&#8221; type=&#8221;full_width&#8221; angled_section=&#8221;no&#8221; text_align=&#8221;left&#8221; background_image_as_pattern=&#8221;without_pattern&#8221;][vc_column][vc_row_inner row_type=&#8221;row&#8221; type=&#8221;full_width&#8221; text_align=&#8221;left&#8221; css_animation=&#8221;&#8221;][vc_column_inner offset=&#8221;vc_hidden-sm vc_hidden-xs&#8221;][vc_empty_space height=&#8221;100px&#8221;][\/vc_column_inner][\/vc_row_inner][vc_column_text] History of an event [\/vc_column_text][vc_row_inner row_type=&#8221;row&#8221; type=&#8221;full_width&#8221; text_align=&#8221;left&#8221; css_animation=&#8221;&#8221;][vc_column_inner offset=&#8221;vc_hidden-sm vc_hidden-xs&#8221;][vc_empty_space height=&#8221;20px&#8221;][\/vc_column_inner][\/vc_row_inner][vc_row_inner row_type=&#8221;row&#8221; type=&#8221;full_width&#8221; text_align=&#8221;left&#8221; css_animation=&#8221;&#8221;][vc_column_inner offset=&#8221;vc_hidden-lg vc_hidden-md&#8221;][vc_empty_space height=&#8221;10px&#8221;][\/vc_column_inner][\/vc_row_inner][vc_column_text] Vicente Saavedra Mart\u00ednez [\/vc_column_text][vc_empty_space height=&#8221;50px&#8221;][\/vc_column][\/vc_row][vc_row css_animation=&#8221;&#8221; row_type=&#8221;row&#8221; use_row_as_full_screen_section=&#8221;no&#8221; type=&#8221;full_width&#8221; angled_section=&#8221;no&#8221; text_align=&#8221;left&#8221;...","og_url":"https:\/\/esculturaenlacalle.com\/en\/origins\/","og_site_name":"Escultura En La Calle","article_modified_time":"2023-02-03T11:30:50+00:00","og_image":[{"width":1342,"height":1026,"url":"https:\/\/esculturaenlacalle.com\/wp-content\/uploads\/2023\/01\/Escultura-En-La-Calle-.jpg","type":"image\/jpeg"}],"twitter_card":"summary_large_image","twitter_misc":{"Est. reading time":"8 minutes"},"schema":{"@context":"https:\/\/schema.org","@graph":[{"@type":"WebPage","@id":"https:\/\/esculturaenlacalle.com\/en\/origins\/","url":"https:\/\/esculturaenlacalle.com\/en\/origins\/","name":"Origins - Escultura En La Calle","isPartOf":{"@id":"https:\/\/esculturaenlacalle.com\/#website"},"datePublished":"2022-12-15T11:48:04+00:00","dateModified":"2023-02-03T11:30:50+00:00","breadcrumb":{"@id":"https:\/\/esculturaenlacalle.com\/en\/origins\/#breadcrumb"},"inLanguage":"en-US","potentialAction":[{"@type":"ReadAction","target":["https:\/\/esculturaenlacalle.com\/en\/origins\/"]}]},{"@type":"BreadcrumbList","@id":"https:\/\/esculturaenlacalle.com\/en\/origins\/#breadcrumb","itemListElement":[{"@type":"ListItem","position":1,"name":"Portada","item":"https:\/\/esculturaenlacalle.com\/en\/"},{"@type":"ListItem","position":2,"name":"Origins"}]},{"@type":"WebSite","@id":"https:\/\/esculturaenlacalle.com\/#website","url":"https:\/\/esculturaenlacalle.com\/","name":"Escultura en la calle","description":"Exposici\u00f3n internacional, Escultura en la Calle","publisher":{"@id":"https:\/\/esculturaenlacalle.com\/#organization"},"alternateName":"Esculturas en la calle","potentialAction":[{"@type":"SearchAction","target":{"@type":"EntryPoint","urlTemplate":"https:\/\/esculturaenlacalle.com\/?s={search_term_string}"},"query-input":"required name=search_term_string"}],"inLanguage":"en-US"},{"@type":"Organization","@id":"https:\/\/esculturaenlacalle.com\/#organization","name":"Escultura en la calle","url":"https:\/\/esculturaenlacalle.com\/","logo":{"@type":"ImageObject","inLanguage":"en-US","@id":"https:\/\/esculturaenlacalle.com\/#\/schema\/logo\/image\/","url":"https:\/\/esculturaenlacalle.com\/wp-content\/uploads\/2022\/12\/logo-EsculturaEnLaCalle.png","contentUrl":"https:\/\/esculturaenlacalle.com\/wp-content\/uploads\/2022\/12\/logo-EsculturaEnLaCalle.png","width":258,"height":147,"caption":"Escultura en la calle"},"image":{"@id":"https:\/\/esculturaenlacalle.com\/#\/schema\/logo\/image\/"}}]}},"_links":{"self":[{"href":"https:\/\/esculturaenlacalle.com\/en\/wp-json\/wp\/v2\/pages\/2993","targetHints":{"allow":["GET"]}}],"collection":[{"href":"https:\/\/esculturaenlacalle.com\/en\/wp-json\/wp\/v2\/pages"}],"about":[{"href":"https:\/\/esculturaenlacalle.com\/en\/wp-json\/wp\/v2\/types\/page"}],"author":[{"embeddable":true,"href":"https:\/\/esculturaenlacalle.com\/en\/wp-json\/wp\/v2\/users\/1"}],"replies":[{"embeddable":true,"href":"https:\/\/esculturaenlacalle.com\/en\/wp-json\/wp\/v2\/comments?post=2993"}],"version-history":[{"count":3,"href":"https:\/\/esculturaenlacalle.com\/en\/wp-json\/wp\/v2\/pages\/2993\/revisions"}],"predecessor-version":[{"id":2996,"href":"https:\/\/esculturaenlacalle.com\/en\/wp-json\/wp\/v2\/pages\/2993\/revisions\/2996"}],"wp:attachment":[{"href":"https:\/\/esculturaenlacalle.com\/en\/wp-json\/wp\/v2\/media?parent=2993"}],"curies":[{"name":"wp","href":"https:\/\/api.w.org\/{rel}","templated":true}]}}